{"id":171,"date":"2014-01-31T10:05:40","date_gmt":"2014-01-31T09:05:40","guid":{"rendered":"http:\/\/harleyclubchur.ch\/?page_id=171"},"modified":"2014-04-23T05:09:51","modified_gmt":"2014-04-23T04:09:51","slug":"haftungsausschluss","status":"publish","type":"page","link":"https:\/\/www.harleyclubchur.ch\/?page_id=171","title":{"rendered":"Impressum"},"content":{"rendered":"<p><!--:de-->Copyright und Haftung Texte, Inhalte sowie Gestaltung dieses Internetauftritts sind urheberrechtlich gesch\u00fctzt. Sie d\u00fcrfen allenfalls in den engen Grenzen des Urheberrechts zum pers\u00f6nlichen, privaten und nicht-kommerziellen Gebrauch genutzt, verbreitet bzw. vervielf\u00e4ltigt werden (z.B. Download). Die sonstige Verwendung, auch auszugsweise, ist ohne schriftliche Zustimmung von harleyclubchur.ch urheberrechtswidrig und strafbar. Insbesondere ist jegliche Nutzung zu Werbe- oder \u00e4hnlichen Zwecken ausdr\u00fccklich untersagt. Auch bei vorheriger schriftlicher Einwilligung von harleyclubchur.ch ist ausserdem eine Vervielf\u00e4ltigung oder Verbreitung der Seite oder ihrer Inhalte nur in Verbindung mit Quellenangabe bzw. deutlichem Hinweis auf harleyclubchur.ch zul\u00e4ssig. Auch wenn Marken, Logos oder gesch\u00e4ftliche Bezeichnungen etc. verwendet werden, gelten die entsprechenden Schutzbestimmungen. harleyclubchur.ch hat diesen Internetauftritt sorgf\u00e4ltig erstellt. Eine Gew\u00e4hrleistung f\u00fcr die Vollst\u00e4ndigkeit, Richtigkeit und Aktualit\u00e4t der hier rechtlich unverbindlich zur Verf\u00fcgung gestellten Informationen kann jedoch nicht \u00fcbernommen werden. Dies gilt insbesondere f\u00fcr Verbindungen (\u00abLinks\u00bb), auf die harleyclubchur.ch direkt oder indirekt verweist, da harleyclubchur.ch auf den Inhalt einer Seite, die mit einem solchen Link erreicht wird, keinen Einfluss hat. harleyclubchur.ch kann daher nicht f\u00fcr Sch\u00e4den haftbar gemacht werden, die im Zusammenhang mit der Verwendung dieser Inhalte stehen, es sei denn, es liegt vors\u00e4tzliches oder grob fahrl\u00e4ssiges Handeln von harleyclubchur.ch ihrer Vertreter oder ihrer Erf\u00fcllungsgehilfen vor. Insbesondere kann nicht f\u00fcr mittelbare Sch\u00e4den oder Folgesch\u00e4den, insbesondere Sch\u00e4den wegen Datenl\u00f6schung oder Datenzerst\u00f6rung, gehaftet werden.<!--:--><\/p>\n","protected":false},"excerpt":{"rendered":"<p>Copyright und Haftung Texte, Inhalte sowie Gestaltung dieses Internetauftritts sind urheberrechtlich gesch\u00fctzt. Sie d\u00fcrfen allenfalls in den engen Grenzen des Urheberrechts zum pers\u00f6nlichen, privaten und nicht-kommerziellen Gebrauch genutzt, verbreitet bzw. vervielf\u00e4ltigt werden (z.B. Download). Die sonstige Verwendung, auch auszugsweise, ist ohne schriftliche Zustimmung von harleyclubchur.ch urheberrechtswidrig und strafbar. Insbesondere ist jegliche Nutzung zu Werbe- oder &hellip; <a href=\"https:\/\/www.harleyclubchur.ch\/?page_id=171\" class=\"more-link\"><span class=\"screen-reader-text\">Impressum<\/span> weiterlesen <span class=\"meta-nav\">&rarr;<\/span><\/a><\/p>\n","protected":false},"author":1,"featured_media":0,"parent":0,"menu_order":0,"comment_status":"closed","ping_status":"closed","template":"","meta":{"footnotes":""},"class_list":["post-171","page","type-page","status-publish","hentry"],"_links":{"self":[{"href":"https:\/\/www.harleyclubchur.ch\/index.php?rest_route=\/wp\/v2\/pages\/171","targetHints":{"allow":["GET"]}}],"collection":[{"href":"https:\/\/www.harleyclubchur.ch\/index.php?rest_route=\/wp\/v2\/pages"}],"about":[{"href":"https:\/\/www.harleyclubchur.ch\/index.php?rest_route=\/wp\/v2\/types\/page"}],"author":[{"embeddable":true,"href":"https:\/\/www.harleyclubchur.ch\/index.php?rest_route=\/wp\/v2\/users\/1"}],"replies":[{"embeddable":true,"href":"https:\/\/www.harleyclubchur.ch\/index.php?rest_route=%2Fwp%2Fv2%2Fcomments&post=171"}],"version-history":[{"count":9,"href":"https:\/\/www.harleyclubchur.ch\/index.php?rest_route=\/wp\/v2\/pages\/171\/revisions"}],"predecessor-version":[{"id":906,"href":"https:\/\/www.harleyclubchur.ch\/index.php?rest_route=\/wp\/v2\/pages\/171\/revisions\/906"}],"wp:attachment":[{"href":"https:\/\/www.harleyclubchur.ch\/index.php?rest_route=%2Fwp%2Fv2%2Fmedia&parent=171"}],"curies":[{"name":"wp","href":"https:\/\/api.w.org\/{rel}","templated":true}]}}