{"id":196,"date":"2014-01-31T12:57:54","date_gmt":"2014-01-31T11:57:54","guid":{"rendered":"http:\/\/harleyclubchur.ch\/?page_id=196"},"modified":"2025-02-24T15:47:32","modified_gmt":"2025-02-24T14:47:32","slug":"veranstaltungen","status":"publish","type":"page","link":"https:\/\/www.harleyclubchur.ch\/?page_id=196","title":{"rendered":"Veranstaltungen"},"content":{"rendered":"\n<p><\/p>\n\n\n\n<p>Revival <strong>Party <\/strong>3.0 <strong>am 13. September 2025<\/strong><br \/><\/p>\n\n\n\n<hr class=\"wp-block-separator has-alpha-channel-opacity\"\/>\n\n\n\n<p>ACHTUNG! Adresse f\u00fcrs Navi heisst: <strong><a href=\"https:\/\/maps.app.goo.gl\/BL7gES5sAH3FbPmx5\" target=\"_blank\" rel=\"noreferrer noopener\">Au, 7214 Gr\u00fcsch<\/a><\/strong><\/p>\n\n\n\n<hr class=\"wp-block-separator has-alpha-channel-opacity\"\/>\n\n\n\n<figure class=\"wp-block-image size-large\"><a href=\"https:\/\/www.harleyclubchur.ch\/wp-content\/uploads\/2025\/02\/IMG-20250220-WA0014.jpg\" target=\"_blank\" rel=\"noreferrer noopener\"><img loading=\"lazy\" decoding=\"async\" width=\"713\" height=\"1024\" src=\"https:\/\/www.harleyclubchur.ch\/wp-content\/uploads\/2025\/02\/IMG-20250220-WA0014-713x1024.jpg\" alt=\"\" class=\"wp-image-1701\" srcset=\"https:\/\/www.harleyclubchur.ch\/wp-content\/uploads\/2025\/02\/IMG-20250220-WA0014-713x1024.jpg 713w, https:\/\/www.harleyclubchur.ch\/wp-content\/uploads\/2025\/02\/IMG-20250220-WA0014-209x300.jpg 209w, https:\/\/www.harleyclubchur.ch\/wp-content\/uploads\/2025\/02\/IMG-20250220-WA0014-768x1102.jpg 768w, https:\/\/www.harleyclubchur.ch\/wp-content\/uploads\/2025\/02\/IMG-20250220-WA0014-1070x1536.jpg 1070w, https:\/\/www.harleyclubchur.ch\/wp-content\/uploads\/2025\/02\/IMG-20250220-WA0014.jpg 1362w\" sizes=\"auto, (max-width: 713px) 100vw, 713px\" \/><\/a><\/figure>\n\n\n\n<figure class=\"wp-block-image size-full\"><a href=\"http:\/\/www.restlessart.ch\" target=\"_blank\" rel=\"noreferrer noopener\"><img loading=\"lazy\" decoding=\"async\" width=\"620\" height=\"408\" src=\"https:\/\/www.harleyclubchur.ch\/wp-content\/uploads\/2023\/06\/restless.jpg\" alt=\"\" class=\"wp-image-1622\" srcset=\"https:\/\/www.harleyclubchur.ch\/wp-content\/uploads\/2023\/06\/restless.jpg 620w, https:\/\/www.harleyclubchur.ch\/wp-content\/uploads\/2023\/06\/restless-300x197.jpg 300w, https:\/\/www.harleyclubchur.ch\/wp-content\/uploads\/2023\/06\/restless-120x80.jpg 120w\" sizes=\"auto, (max-width: 620px) 100vw, 620px\" \/><\/a><\/figure>\n\n\n\n<p>F\u00fcr \u00dcbernachtungsg\u00e4ste ohne Zelt ist das Hotel Gr\u00fcsch in Gehdistanz. Reservation und Buchung macht Jeder selber, der Intersse hat.<br \/><br \/><strong>Hotel &amp; Restaurant Gr\u00fcsch<\/strong><br \/>Sal\u00e4tschisstrasse 22<br \/>7214&nbsp;Gr\u00fcsch<br \/>Telefon&nbsp;&nbsp;<a href=\"tel:+41 81 325 18 18\">+41 81 325 18 18<\/a><br \/><a href=\"mailto:info@hotelgruesch.ch\">info@hotelgruesch.ch<\/a><br \/><a href=\"https:\/\/www.hotelgruesch.ch\/\" target=\"_blank\" rel=\"noreferrer noopener\">https:\/\/www.hotelgruesch.ch\/<\/a><\/p>\n\n\n\n<figure class=\"wp-block-image\"><a href=\"https:\/\/www.harleyclubchur.ch\/wp-content\/uploads\/2023\/06\/weg.jpg\" target=\"_blank\" rel=\"noreferrer noopener\"><img loading=\"lazy\" decoding=\"async\" width=\"1024\" height=\"448\" src=\"https:\/\/www.harleyclubchur.ch\/wp-content\/uploads\/2023\/06\/weg-1024x448.jpg\" alt=\"\" class=\"wp-image-1623\" srcset=\"https:\/\/www.harleyclubchur.ch\/wp-content\/uploads\/2023\/06\/weg-1024x448.jpg 1024w, https:\/\/www.harleyclubchur.ch\/wp-content\/uploads\/2023\/06\/weg-300x131.jpg 300w, https:\/\/www.harleyclubchur.ch\/wp-content\/uploads\/2023\/06\/weg-768x336.jpg 768w, https:\/\/www.harleyclubchur.ch\/wp-content\/uploads\/2023\/06\/weg-1536x672.jpg 1536w, https:\/\/www.harleyclubchur.ch\/wp-content\/uploads\/2023\/06\/weg.jpg 1553w\" sizes=\"auto, (max-width: 1024px) 100vw, 1024px\" \/><\/a><\/figure>\n","protected":false},"excerpt":{"rendered":"<p>Revival Party 3.0 am 13. September 2025 ACHTUNG! Adresse f\u00fcrs Navi heisst: Au, 7214 Gr\u00fcsch F\u00fcr \u00dcbernachtungsg\u00e4ste ohne Zelt ist das Hotel Gr\u00fcsch in Gehdistanz. Reservation und Buchung macht Jeder selber, der Intersse hat. Hotel &amp; Restaurant Gr\u00fcschSal\u00e4tschisstrasse 227214&nbsp;Gr\u00fcschTelefon&nbsp;&nbsp;+41 81 325 18 18info@hotelgruesch.chhttps:\/\/www.hotelgruesch.ch\/<\/p>\n","protected":false},"author":1,"featured_media":0,"parent":0,"menu_order":0,"comment_status":"closed","ping_status":"closed","template":"","meta":{"footnotes":""},"class_list":["post-196","page","type-page","status-publish","hentry"],"_links":{"self":[{"href":"https:\/\/www.harleyclubchur.ch\/index.php?rest_route=\/wp\/v2\/pages\/196","targetHints":{"allow":["GET"]}}],"collection":[{"href":"https:\/\/www.harleyclubchur.ch\/index.php?rest_route=\/wp\/v2\/pages"}],"about":[{"href":"https:\/\/www.harleyclubchur.ch\/index.php?rest_route=\/wp\/v2\/types\/page"}],"author":[{"embeddable":true,"href":"https:\/\/www.harleyclubchur.ch\/index.php?rest_route=\/wp\/v2\/users\/1"}],"replies":[{"embeddable":true,"href":"https:\/\/www.harleyclubchur.ch\/index.php?rest_route=%2Fwp%2Fv2%2Fcomments&post=196"}],"version-history":[{"count":32,"href":"https:\/\/www.harleyclubchur.ch\/index.php?rest_route=\/wp\/v2\/pages\/196\/revisions"}],"predecessor-version":[{"id":1712,"href":"https:\/\/www.harleyclubchur.ch\/index.php?rest_route=\/wp\/v2\/pages\/196\/revisions\/1712"}],"wp:attachment":[{"href":"https:\/\/www.harleyclubchur.ch\/index.php?rest_route=%2Fwp%2Fv2%2Fmedia&parent=196"}],"curies":[{"name":"wp","href":"https:\/\/api.w.org\/{rel}","templated":true}]}}