{"id":77,"date":"2014-01-28T12:48:56","date_gmt":"2014-01-28T11:48:56","guid":{"rendered":"http:\/\/harleyclubchur.ch\/?page_id=77"},"modified":"2023-04-14T09:02:08","modified_gmt":"2023-04-14T08:02:08","slug":"ueber-uns","status":"publish","type":"page","link":"https:\/\/www.harleyclubchur.ch\/?page_id=77","title":{"rendered":"\u00fcber uns"},"content":{"rendered":"<figure id=\"attachment_1264\" aria-describedby=\"caption-attachment-1264\" style=\"width: 474px\" class=\"wp-caption alignnone\"><img loading=\"lazy\" decoding=\"async\" class=\"size-large wp-image-1264\" src=\"http:\/\/harleyclubchur.ch-content\/uploads\/2018\/11\/FB_IMG_1542967733309-1024x768.jpg\" alt=\"\" width=\"474\" height=\"356\" srcset=\"https:\/\/www.harleyclubchur.ch\/wp-content\/uploads\/2018\/11\/FB_IMG_1542967733309-1024x768.jpg 1024w, https:\/\/www.harleyclubchur.ch\/wp-content\/uploads\/2018\/11\/FB_IMG_1542967733309-300x225.jpg 300w, https:\/\/www.harleyclubchur.ch\/wp-content\/uploads\/2018\/11\/FB_IMG_1542967733309-768x576.jpg 768w, https:\/\/www.harleyclubchur.ch\/wp-content\/uploads\/2018\/11\/FB_IMG_1542967733309.jpg 1440w\" sizes=\"auto, (max-width: 474px) 100vw, 474px\" \/><figcaption id=\"caption-attachment-1264\" class=\"wp-caption-text\">GV 2018<\/figcaption><\/figure>\n<p>Der Club Harley-Davidson Chur (CHDC) wurde im Jahre 1987 von 7 Jungs gegr\u00fcndet.<br \/>\nWie der Name sagt fahren wir Harley-Davidson Motorr\u00e4der.<br \/>\nWir pflegen die Kollegschaft unter uns, mit Freebikern und Motorradfahrer von anderen Clubs.\u00a0 Wie so \u00fcblich haben wir ein <a title=\"Clublokal\" href=\"http:\/\/harleyclubchur.ch\/?page_id=184\">Clublokal<\/a> und organisieren <a title=\"Veranstaltungen\" href=\"http:\/\/harleyclubchur.ch\/?page_id=196\">Partys<\/a>.<br \/>\nAuch selber fahren wir gerne Partys an. \u00a0Es stehen auch gemeinsame Ausfahrten auf dem Programm. Verschiedene Ausfahrten organisieren wir spontan.<\/p>\n<p>Der CHDC z\u00e4hlt heute 12 Mitglieder, wovon viele seit \u00fcber 25 Jahren oder l\u00e4nger dabei sind. Unseren Erfolg sichern wir uns damit, dass wir uns wie Br\u00fcder behandeln und f\u00fcr einander einstehen.<\/p>\n<p>Der Club hat strenge Aufnahmerichtlinien.\u00a0 Wer m\u00e4nnlich ist und gerne Harley f\u00e4hrt und am Clubleben teilnimmt schafft\u2018s.<\/p>\n<p>Seit 1990 veranstalten wir ein Motorradtreffen.<br \/>\nWar das \u201eHarley-Weekend\u201c viele Jahre als reines Harley-Davidson-Treffen gedacht, sehen wir das heute nicht mehr so eng.\u00a0 Auch verlagerten wir den Austragungsort st\u00e4ndig &#8211; aber nicht immer freiwillig.<br \/>\nDas Treffen wuchs im Laufe der Jahre zu einer stattlichen Party an.<br \/>\nHeute organisieren wir die \u201eSommer-\/H\u00f6hlenparty und auch die \u201eFr\u00fchlings-\u201c und \u201eHerbstparty\u201c sind absolut beliebt und auch sehr gut besucht.<\/p>\n<p><script>\/\/ < ![CDATA[\n\/\/ < ![CDATA[\n\/\/ < ![CDATA[\n\/\/ < ![CDATA[\n\/\/ < ![CDATA[ var _gaq = _gaq || []; _gaq.push(['_setAccount', 'UA-47971615-1']); _gaq.push(['_trackPageview']); (function() { var ga = document.createElement('script'); ga.type = 'text\/javascript'; ga.async = true; ga.src = ('https:' == document.location.protocol ? 'https:\/\/ssl' : 'http:\/\/www') + '.google-analytics.com\/ga.js'; var s = document.getElementsByTagName('script')[0]; s.parentNode.insertBefore(ga, s); })(); \/\/ ]]><\/script><!--:--><\/p>\n","protected":false},"excerpt":{"rendered":"<p>Der Club Harley-Davidson Chur (CHDC) wurde im Jahre 1987 von 7 Jungs gegr\u00fcndet. Wie der Name sagt fahren wir Harley-Davidson Motorr\u00e4der. Wir pflegen die Kollegschaft unter uns, mit Freebikern und Motorradfahrer von anderen Clubs.\u00a0 Wie so \u00fcblich haben wir ein Clublokal und organisieren Partys. Auch selber fahren wir gerne Partys an. \u00a0Es stehen auch gemeinsame &hellip; <a href=\"https:\/\/www.harleyclubchur.ch\/?page_id=77\" class=\"more-link\"><span class=\"screen-reader-text\">\u00fcber uns<\/span> weiterlesen <span class=\"meta-nav\">&rarr;<\/span><\/a><\/p>\n","protected":false},"author":1,"featured_media":0,"parent":0,"menu_order":0,"comment_status":"closed","ping_status":"closed","template":"","meta":{"footnotes":""},"class_list":["post-77","page","type-page","status-publish","hentry"],"_links":{"self":[{"href":"https:\/\/www.harleyclubchur.ch\/index.php?rest_route=\/wp\/v2\/pages\/77","targetHints":{"allow":["GET"]}}],"collection":[{"href":"https:\/\/www.harleyclubchur.ch\/index.php?rest_route=\/wp\/v2\/pages"}],"about":[{"href":"https:\/\/www.harleyclubchur.ch\/index.php?rest_route=\/wp\/v2\/types\/page"}],"author":[{"embeddable":true,"href":"https:\/\/www.harleyclubchur.ch\/index.php?rest_route=\/wp\/v2\/users\/1"}],"replies":[{"embeddable":true,"href":"https:\/\/www.harleyclubchur.ch\/index.php?rest_route=%2Fwp%2Fv2%2Fcomments&post=77"}],"version-history":[{"count":30,"href":"https:\/\/www.harleyclubchur.ch\/index.php?rest_route=\/wp\/v2\/pages\/77\/revisions"}],"predecessor-version":[{"id":1605,"href":"https:\/\/www.harleyclubchur.ch\/index.php?rest_route=\/wp\/v2\/pages\/77\/revisions\/1605"}],"wp:attachment":[{"href":"https:\/\/www.harleyclubchur.ch\/index.php?rest_route=%2Fwp%2Fv2%2Fmedia&parent=77"}],"curies":[{"name":"wp","href":"https:\/\/api.w.org\/{rel}","templated":true}]}}